{"id":99,"date":"2017-10-30T14:52:52","date_gmt":"2017-10-30T13:52:52","guid":{"rendered":"http:\/\/canine-deuxsevres.fr\/?page_id=99"},"modified":"2026-02-11T00:54:06","modified_gmt":"2026-02-10T23:54:06","slug":"expositions","status":"publish","type":"page","link":"https:\/\/www.canine-deuxsevres.fr\/?page_id=99","title":{"rendered":"Confirmations"},"content":{"rendered":"<p>Prochaines s\u00e9ances de confirmation :<\/p>\n<p><strong>Mercredi 18 mars 2026<\/strong><br \/>S\u00e9ance de confirmation toutes races \u00e0 Cherveux (79) &#8211; Ancien Temple<br \/>Inscriptions sur internet : <a href=\"http:\/\/cedia.fr\">cedia.fr<\/a><br \/>Renseignements : assocanine79@gmail.com ou 06.48.89.45.28<\/p>\n<p><strong>Samedi 26 septembre 2026 de 14h \u00e0 17h et Dimanche 27 septembre 2026 de 9h \u00e0 12h<\/strong><br \/>S\u00e9ance de confirmation toutes races \u00e0 Cherveux (79) &#8211; Ancien Temple<br \/>Inscriptions sur internet : <a href=\"http:\/\/cedia.fr\">cedia.fr<\/a><br \/>Renseignements : assocanine79@gmail.com ou 06.48.89.45.28<\/p>\n\n\n<p><\/p>\n","protected":false},"excerpt":{"rendered":"<p>Prochaines s\u00e9ances de confirmation : Mercredi 18 mars 2026S\u00e9ance de confirmation toutes races \u00e0 Cherveux (79) &#8211; Ancien TempleInscriptions sur internet : cedia.frRenseignements : assocanine79@gmail.com ou 06.48.89.45.28 Samedi 26 septembre 2026 de 14h \u00e0 17h et Dimanche 27 septembre 2026 de 9h \u00e0 12hS\u00e9ance de confirmation toutes races \u00e0 Cherveux (79) &#8211; Ancien TempleInscriptions sur&hellip; <\/p>\n<p class=\"toivo-read-more\"><a href=\"https:\/\/www.canine-deuxsevres.fr\/?page_id=99\" class=\"more-link\">Lire la suite <span class=\"screen-reader-text\">Confirmations<\/span><\/a><\/p>\n","protected":false},"author":1,"featured_media":0,"parent":30,"menu_order":0,"comment_status":"closed","ping_status":"closed","template":"","meta":{"_monsterinsights_skip_tracking":false,"_monsterinsights_sitenote_active":false,"_monsterinsights_sitenote_note":"","_monsterinsights_sitenote_category":0,"footnotes":""},"class_list":{"0":"post-99","1":"page","2":"type-page","3":"status-publish","5":"entry"},"jetpack_sharing_enabled":true,"_links":{"self":[{"href":"https:\/\/www.canine-deuxsevres.fr\/index.php?rest_route=\/wp\/v2\/pages\/99","targetHints":{"allow":["GET"]}}],"collection":[{"href":"https:\/\/www.canine-deuxsevres.fr\/index.php?rest_route=\/wp\/v2\/pages"}],"about":[{"href":"https:\/\/www.canine-deuxsevres.fr\/index.php?rest_route=\/wp\/v2\/types\/page"}],"author":[{"embeddable":true,"href":"https:\/\/www.canine-deuxsevres.fr\/index.php?rest_route=\/wp\/v2\/users\/1"}],"replies":[{"embeddable":true,"href":"https:\/\/www.canine-deuxsevres.fr\/index.php?rest_route=%2Fwp%2Fv2%2Fcomments&post=99"}],"version-history":[{"count":15,"href":"https:\/\/www.canine-deuxsevres.fr\/index.php?rest_route=\/wp\/v2\/pages\/99\/revisions"}],"predecessor-version":[{"id":1094,"href":"https:\/\/www.canine-deuxsevres.fr\/index.php?rest_route=\/wp\/v2\/pages\/99\/revisions\/1094"}],"up":[{"embeddable":true,"href":"https:\/\/www.canine-deuxsevres.fr\/index.php?rest_route=\/wp\/v2\/pages\/30"}],"wp:attachment":[{"href":"https:\/\/www.canine-deuxsevres.fr\/index.php?rest_route=%2Fwp%2Fv2%2Fmedia&parent=99"}],"curies":[{"name":"wp","href":"https:\/\/api.w.org\/{rel}","templated":true}]}}