{"id":112,"date":"2017-10-30T14:59:36","date_gmt":"2017-10-30T13:59:36","guid":{"rendered":"http:\/\/canine-deuxsevres.fr\/?page_id=112"},"modified":"2017-11-02T17:26:12","modified_gmt":"2017-11-02T16:26:12","slug":"statut-reglement","status":"publish","type":"page","link":"https:\/\/www.canine-deuxsevres.fr\/?page_id=112","title":{"rendered":"Statuts &#038; R\u00e9glement"},"content":{"rendered":"<p>Statuts de l&rsquo;Association Canine Territoriale des Deux S\u00e8vres<\/p>\n<a href=\"https:\/\/www.canine-deuxsevres.fr\/wp-content\/uploads\/2017\/10\/statuts.pdf\" class=\"pdfemb-viewer\" style=\"\" data-width=\"max\" data-height=\"max\" data-toolbar=\"bottom\" data-toolbar-fixed=\"off\">statuts<\/a>\n<p>&nbsp;<\/p>\n<p>R\u00e8glement\u00a0 de l&rsquo;Association Canine Territoriale des Deux S\u00e8vres<\/p>\n<a href=\"https:\/\/www.canine-deuxsevres.fr\/wp-content\/uploads\/2017\/10\/R\u00e8glement-int\u00e9rieur-2017-de-lAssociation-Canine-Territoriale-des-Deux-S\u00e8vres.pdf\" class=\"pdfemb-viewer\" style=\"\" data-width=\"max\" data-height=\"max\" data-toolbar=\"bottom\" data-toolbar-fixed=\"off\">R\u00e8glement int\u00e9rieur 2017 de l&#039;Association Canine Territoriale des Deux-S\u00e8vres<\/a>\n","protected":false},"excerpt":{"rendered":"<p>Statuts de l&rsquo;Association Canine Territoriale des Deux S\u00e8vres &nbsp; R\u00e8glement\u00a0 de l&rsquo;Association Canine Territoriale des Deux S\u00e8vres<\/p>\n","protected":false},"author":1,"featured_media":0,"parent":27,"menu_order":0,"comment_status":"closed","ping_status":"closed","template":"","meta":{"_monsterinsights_skip_tracking":false,"_monsterinsights_sitenote_active":false,"_monsterinsights_sitenote_note":"","_monsterinsights_sitenote_category":0,"footnotes":""},"class_list":{"0":"post-112","1":"page","2":"type-page","3":"status-publish","5":"entry"},"jetpack_sharing_enabled":true,"_links":{"self":[{"href":"https:\/\/www.canine-deuxsevres.fr\/index.php?rest_route=\/wp\/v2\/pages\/112","targetHints":{"allow":["GET"]}}],"collection":[{"href":"https:\/\/www.canine-deuxsevres.fr\/index.php?rest_route=\/wp\/v2\/pages"}],"about":[{"href":"https:\/\/www.canine-deuxsevres.fr\/index.php?rest_route=\/wp\/v2\/types\/page"}],"author":[{"embeddable":true,"href":"https:\/\/www.canine-deuxsevres.fr\/index.php?rest_route=\/wp\/v2\/users\/1"}],"replies":[{"embeddable":true,"href":"https:\/\/www.canine-deuxsevres.fr\/index.php?rest_route=%2Fwp%2Fv2%2Fcomments&post=112"}],"version-history":[{"count":4,"href":"https:\/\/www.canine-deuxsevres.fr\/index.php?rest_route=\/wp\/v2\/pages\/112\/revisions"}],"predecessor-version":[{"id":198,"href":"https:\/\/www.canine-deuxsevres.fr\/index.php?rest_route=\/wp\/v2\/pages\/112\/revisions\/198"}],"up":[{"embeddable":true,"href":"https:\/\/www.canine-deuxsevres.fr\/index.php?rest_route=\/wp\/v2\/pages\/27"}],"wp:attachment":[{"href":"https:\/\/www.canine-deuxsevres.fr\/index.php?rest_route=%2Fwp%2Fv2%2Fmedia&parent=112"}],"curies":[{"name":"wp","href":"https:\/\/api.w.org\/{rel}","templated":true}]}}