{"id":108,"date":"2017-10-30T14:57:51","date_gmt":"2017-10-30T13:57:51","guid":{"rendered":"http:\/\/canine-deuxsevres.fr\/?page_id=108"},"modified":"2024-11-17T23:09:39","modified_gmt":"2024-11-17T22:09:39","slug":"adhesion","status":"publish","type":"page","link":"https:\/\/www.canine-deuxsevres.fr\/?page_id=108","title":{"rendered":"Adh\u00e9sion"},"content":{"rendered":"<p>Les adh\u00e9rents sont compos\u00e9s de personnes physiques et de personnes morales (associations, clubs).<\/p>\n<p style=\"text-align: left;\"><span style=\"font-family: Arial; font-size: small;\">\u00a0 \u00a0 \u00a0&#8211; Cotisations membres actifs (personne physique) : 10 \u20ac<\/span><\/p>\n<p><span style=\"font-family: Arial; font-size: small;\">\u00a0\u00a0\u00a0 &#8211; Cotisation personne morale (association canine adh\u00e9rente) : 25 \u20ac<\/span><\/p>\n<p><span style=\"font-family: Arial; font-size: small;\">\u00a0\u00a0\u00a0 &#8211; Cotisation personne physique\u00a0 (adh\u00e9rent \u00e0 une association affili\u00e9e) : 3 \u20ac<\/span><\/p>\n<div><\/div>\n<p>Pour plus d&rsquo;informations, contactez nous par mail : assocanine79@gmail.com<\/p>\n","protected":false},"excerpt":{"rendered":"<p>Les adh\u00e9rents sont compos\u00e9s de personnes physiques et de personnes morales (associations, clubs). \u00a0 \u00a0 \u00a0&#8211; Cotisations membres actifs (personne physique) : 10 \u20ac \u00a0\u00a0\u00a0 &#8211; Cotisation personne morale (association canine adh\u00e9rente) : 25 \u20ac \u00a0\u00a0\u00a0 &#8211; Cotisation personne physique\u00a0 (adh\u00e9rent \u00e0 une association affili\u00e9e) : 3 \u20ac Pour plus d&rsquo;informations, contactez nous par mail&hellip; <\/p>\n<p class=\"toivo-read-more\"><a href=\"https:\/\/www.canine-deuxsevres.fr\/?page_id=108\" class=\"more-link\">Lire la suite <span class=\"screen-reader-text\">Adh\u00e9sion<\/span><\/a><\/p>\n","protected":false},"author":1,"featured_media":0,"parent":27,"menu_order":0,"comment_status":"closed","ping_status":"closed","template":"","meta":{"_monsterinsights_skip_tracking":false,"_monsterinsights_sitenote_active":false,"_monsterinsights_sitenote_note":"","_monsterinsights_sitenote_category":0,"footnotes":""},"class_list":{"0":"post-108","1":"page","2":"type-page","3":"status-publish","5":"entry"},"jetpack_sharing_enabled":true,"_links":{"self":[{"href":"https:\/\/www.canine-deuxsevres.fr\/index.php?rest_route=\/wp\/v2\/pages\/108","targetHints":{"allow":["GET"]}}],"collection":[{"href":"https:\/\/www.canine-deuxsevres.fr\/index.php?rest_route=\/wp\/v2\/pages"}],"about":[{"href":"https:\/\/www.canine-deuxsevres.fr\/index.php?rest_route=\/wp\/v2\/types\/page"}],"author":[{"embeddable":true,"href":"https:\/\/www.canine-deuxsevres.fr\/index.php?rest_route=\/wp\/v2\/users\/1"}],"replies":[{"embeddable":true,"href":"https:\/\/www.canine-deuxsevres.fr\/index.php?rest_route=%2Fwp%2Fv2%2Fcomments&post=108"}],"version-history":[{"count":9,"href":"https:\/\/www.canine-deuxsevres.fr\/index.php?rest_route=\/wp\/v2\/pages\/108\/revisions"}],"predecessor-version":[{"id":1067,"href":"https:\/\/www.canine-deuxsevres.fr\/index.php?rest_route=\/wp\/v2\/pages\/108\/revisions\/1067"}],"up":[{"embeddable":true,"href":"https:\/\/www.canine-deuxsevres.fr\/index.php?rest_route=\/wp\/v2\/pages\/27"}],"wp:attachment":[{"href":"https:\/\/www.canine-deuxsevres.fr\/index.php?rest_route=%2Fwp%2Fv2%2Fmedia&parent=108"}],"curies":[{"name":"wp","href":"https:\/\/api.w.org\/{rel}","templated":true}]}}