{"id":102,"date":"2017-10-30T14:53:16","date_gmt":"2017-10-30T13:53:16","guid":{"rendered":"http:\/\/canine-deuxsevres.fr\/?page_id=102"},"modified":"2024-11-17T21:46:34","modified_gmt":"2024-11-17T20:46:34","slug":"les-clubs","status":"publish","type":"page","link":"https:\/\/www.canine-deuxsevres.fr\/?page_id=102","title":{"rendered":"Les clubs"},"content":{"rendered":"<p>Nos clubs affili\u00e9s \u00e0 l&rsquo;Association Canine Territoriale des Deux S\u00e8vres:<\/p>\n\n\n<figure class=\"wp-block-table\"><table class=\"has-fixed-layout\"><tbody><tr><td class=\"has-text-align-center\" data-align=\"center\"><strong>Club<\/strong><\/td><td class=\"has-text-align-center\" data-align=\"center\"><strong>Adresse<\/strong><\/td><td class=\"has-text-align-center\" data-align=\"center\"><strong>Disciplines<\/strong><\/td><td class=\"has-text-align-center\" data-align=\"center\"><strong>Pr\u00e9sident(e)<\/strong><\/td><\/tr><tr><td class=\"has-text-align-center\" data-align=\"center\"><strong>AGILITY CLUB DE TERVES<\/strong><br><a href=\"http:\/\/www.agility-club-terves.fr\/\" data-type=\"link\" data-id=\"http:\/\/www.agility-club-terves.fr\/\">Site internet<\/a><\/td><td class=\"has-text-align-center\" data-align=\"center\">Terrain Complexe sportif de Terves<br>79300 BRESSUIRE<\/td><td class=\"has-text-align-center\" data-align=\"center\">Agility<br>Chiens visiteurs<br>Ecole du chiot<br>Education canine<br>Hoopers<br>Dog Dancing<\/td><td class=\"has-text-align-center\" data-align=\"center\">Mireille POUPARD<br><\/td><\/tr><tr><td class=\"has-text-align-center\" data-align=\"center\"><strong>CLUB AGILITY NOIRTERRE&rsquo;IN<\/strong><br><a href=\"https:\/\/clubagilitynoirterre.webnode.fr\/\" data-type=\"link\" data-id=\"https:\/\/clubagilitynoirterre.webnode.fr\/\">Site internet<\/a><\/td><td class=\"has-text-align-center\" data-align=\"center\">Stade de foot<br>Route de Noirterre<br>79300 BRESSUIRE<\/td><td class=\"has-text-align-center\" data-align=\"center\">Agility<br>Chiens visiteurs<br>Education canine<\/td><td class=\"has-text-align-center\" data-align=\"center\">B\u00e9atrice MAGNOUX<br><\/td><\/tr><tr><td class=\"has-text-align-center\" data-align=\"center\"><strong>CLUB D&rsquo;EDUCATION ET SPORTS CANIN DU CELLOIS<\/strong><br><a href=\"https:\/\/www.facebook.com\/cescducellois\" data-type=\"link\" data-id=\"https:\/\/www.facebook.com\/cescducellois\">Page Facebook<\/a><\/td><td class=\"has-text-align-center\" data-align=\"center\">Chemin de la V\u00e9e<br>Rue du Sentier<br>79370 CELLES SUR BELLE<\/td><td class=\"has-text-align-center\" data-align=\"center\">Education canine<br>Hoopers<br>Mondioring<br>Ob\u00e9issance<br>Pistage fran\u00e7ais<br>Ring<br>Travail pratique campagne<\/td><td class=\"has-text-align-center\" data-align=\"center\">Francis GEORGES<br><\/td><\/tr><tr><td class=\"has-text-align-center\" data-align=\"center\"><strong>CLUB CANIN GATINAIS<\/strong><br><a href=\"https:\/\/www.facebook.com\/ClubCaninGatinais\" data-type=\"link\" data-id=\"https:\/\/www.facebook.com\/ClubCaninGatinais\">Page Facebook<\/a><\/td><td class=\"has-text-align-center\" data-align=\"center\">Hippodrome<br>79200 CHATILLON SUR THOUET<\/td><td class=\"has-text-align-center\" data-align=\"center\">Agility<br>Ecole du chiot<br>Ob\u00e9issance<br>Dog dancing<\/td><td class=\"has-text-align-center\" data-align=\"center\">Marie-No\u00eblle GERON<br><\/td><\/tr><tr><td class=\"has-text-align-center\" data-align=\"center\"><strong>CHERVEUX AGILITY EDUCATION CANINE<\/strong><br><a href=\"http:\/\/agilitycherveux.fr\" data-type=\"link\" data-id=\"agilitycherveux.fr\">Site internet<\/a><\/td><td class=\"has-text-align-center\" data-align=\"center\">Rue des Pierri\u00e8res<br>79410 CHERVEUX<\/td><td class=\"has-text-align-center\" data-align=\"center\">Agility<br>Chiens visiteurs<br>Ecole du chiot<br>Education canine<br>Dog Dancing<\/td><td class=\"has-text-align-center\" data-align=\"center\">Alain BROSSEAU<br>06.48.89.45.28<\/td><\/tr><tr><td class=\"has-text-align-center\" data-align=\"center\"><strong>SAKAPUSS CENTRE SPORTIF CANIN DU THOUET<\/strong><br><a href=\"https:\/\/www.facebook.com\/groups\/5559095517531090\" data-type=\"link\" data-id=\"https:\/\/www.facebook.com\/groups\/5559095517531090\">Page Facebook<\/a><\/td><td class=\"has-text-align-center\" data-align=\"center\">Terrain des Sports<br>Route de Parthenay<br>79200 LA CHAPELLE BERTRAND<\/td><td class=\"has-text-align-center\" data-align=\"center\">Agility<br>Education canine<br>Ob\u00e9issance<\/td><td class=\"has-text-align-center\" data-align=\"center\">Alain RICROS<br><\/td><\/tr><tr><td class=\"has-text-align-center\" data-align=\"center\"><strong>PRIN&rsquo;TEMPS CANINS<\/strong><br><a href=\"http:\/\/www.printempscanins.com\/\" data-type=\"link\" data-id=\"http:\/\/www.printempscanins.com\/\">Site internet<\/a><\/td><td class=\"has-text-align-center\" data-align=\"center\">Stade de foot<br>Rue France Langoet<br>79360 LA FOYE MONJAULT<\/td><td class=\"has-text-align-center\" data-align=\"center\">Agility<br>Education canine<\/td><td class=\"has-text-align-center\" data-align=\"center\">Isabelle CONSTANTIN<br><\/td><\/tr><tr><td class=\"has-text-align-center\" data-align=\"center\"><strong>ECOLE CANINE DU THOUARSAIS<\/strong><br><a href=\"https:\/\/www.ecolecanineduthouarsais.fr\/\" data-type=\"link\" data-id=\"https:\/\/www.ecolecanineduthouarsais.fr\/\">Site internet<\/a><\/td><td class=\"has-text-align-center\" data-align=\"center\">Lieu-Dit Le Pain B\u00e9nit<br>79150 MASSAIS<\/td><td class=\"has-text-align-center\" data-align=\"center\">Agility<br>Chiens visiteurs<br>Education canine<br>Dog dancing<br><\/td><td class=\"has-text-align-center\" data-align=\"center\">Sylvie GARNIER<br>06.20.85.66.68<\/td><\/tr><tr><td class=\"has-text-align-center\" data-align=\"center\"><strong>CENTRE D&rsquo;EDUCATION CANINE DE MONCOUTANT<\/strong><br><a href=\"https:\/\/www.facebook.com\/clubcaninmoncoutant\" data-type=\"link\" data-id=\"https:\/\/www.facebook.com\/clubcaninmoncoutant\">Page Facebook<\/a><\/td><td class=\"has-text-align-center\" data-align=\"center\">Lieu-Dit La Cournoli\u00e8re<br>79320 MONCOUTANT<\/td><td class=\"has-text-align-center\" data-align=\"center\">Education canine<br>Ob\u00e9issance<br>Ring<\/td><td class=\"has-text-align-center\" data-align=\"center\">Claude GRIFFAUD<br><\/td><\/tr><tr><td class=\"has-text-align-center\" data-align=\"center\"><strong>CLUB CANIN NIORTAIS<\/strong><br><a href=\"https:\/\/www.facebook.com\/clubcaninniortais\" data-type=\"link\" data-id=\"https:\/\/www.facebook.com\/clubcaninniortais\">Page Facebook<\/a><\/td><td class=\"has-text-align-center\" data-align=\"center\">107 rue Pierre Chantelauze<br>79000 NIORT<\/td><td class=\"has-text-align-center\" data-align=\"center\">Agility<br>Education canine<br>Hoopers<\/td><td class=\"has-text-align-center\" data-align=\"center\">Kristabelle CANON<\/td><\/tr><tr><td class=\"has-text-align-center\" data-align=\"center\"><strong>LES PERLES NOIRES DE NJORD<\/strong><br><a href=\"https:\/\/www.facebook.com\/p\/Les-Perles-Noires-De-Nj%C3%B6rd-100069039259592\" data-type=\"link\" data-id=\"https:\/\/www.facebook.com\/p\/Les-Perles-Noires-De-Nj%C3%B6rd-100069039259592\">Page Facebook<\/a><\/td><td class=\"has-text-align-center\" data-align=\"center\">Base nautique de Noron<br>Avenue Salvador Allende<br>79000 NIORT<\/td><td class=\"has-text-align-center\" data-align=\"center\">Travail \u00e0 l&rsquo;eau<br>Sauvetage<\/td><td class=\"has-text-align-center\" data-align=\"center\">Edwige BOURREAU<br>06.20.64.73.29<\/td><\/tr><tr><td class=\"has-text-align-center\" data-align=\"center\"><strong>CLUB CANIN SAINT LINOIS<\/strong><br><a href=\"https:\/\/clubcaninsaintlinois.e-monsite.com\/\" data-type=\"link\" data-id=\"https:\/\/clubcaninsaintlinois.e-monsite.com\/\">Site internet<\/a><\/td><td class=\"has-text-align-center\" data-align=\"center\">Route de Vautebis<br>79420 ST LIN<\/td><td class=\"has-text-align-center\" data-align=\"center\">Agility<br>Chiens visiteurs<br>Ecole du chiot<br>Education canine<br>Hoopers<br>Ob\u00e9issance<br>Dog dancing<br>Pistage fran\u00e7ais<\/td><td class=\"has-text-align-center\" data-align=\"center\">Jean-Yves FREBOEUF<br><\/td><\/tr><tr><td class=\"has-text-align-center\" data-align=\"center\"><strong>SAINT PARDOUX AGILITY CLUB D&rsquo;ENTRAINEMENT<\/strong><br><a href=\"https:\/\/space79.sportsregions.fr\/\" data-type=\"link\" data-id=\"https:\/\/space79.sportsregions.fr\/\">Site internet<\/a><\/td><td class=\"has-text-align-center\" data-align=\"center\">Impasse du stade 79310 ST PARDOUX<\/td><td class=\"has-text-align-center\" data-align=\"center\">Agility<br>Education canine<\/td><td class=\"has-text-align-center\" data-align=\"center\">Carine GODET<br><\/td><\/tr><\/tbody><\/table><\/figure>\n","protected":false},"excerpt":{"rendered":"<p>Nos clubs affili\u00e9s \u00e0 l&rsquo;Association Canine Territoriale des Deux S\u00e8vres: Club Adresse Disciplines Pr\u00e9sident(e) AGILITY CLUB DE TERVESSite internet Terrain Complexe sportif de Terves79300 BRESSUIRE AgilityChiens visiteursEcole du chiotEducation canineHoopersDog Dancing Mireille POUPARD CLUB AGILITY NOIRTERRE&rsquo;INSite internet Stade de footRoute de Noirterre79300 BRESSUIRE AgilityChiens visiteursEducation canine B\u00e9atrice MAGNOUX CLUB D&rsquo;EDUCATION ET SPORTS CANIN DU CELLOISPage&hellip; <\/p>\n<p class=\"toivo-read-more\"><a href=\"https:\/\/www.canine-deuxsevres.fr\/?page_id=102\" class=\"more-link\">Lire la suite <span class=\"screen-reader-text\">Les clubs<\/span><\/a><\/p>\n","protected":false},"author":1,"featured_media":0,"parent":30,"menu_order":0,"comment_status":"closed","ping_status":"closed","template":"","meta":{"_monsterinsights_skip_tracking":false,"_monsterinsights_sitenote_active":false,"_monsterinsights_sitenote_note":"","_monsterinsights_sitenote_category":0,"footnotes":""},"class_list":{"0":"post-102","1":"page","2":"type-page","3":"status-publish","5":"entry"},"jetpack_sharing_enabled":true,"_links":{"self":[{"href":"https:\/\/www.canine-deuxsevres.fr\/index.php?rest_route=\/wp\/v2\/pages\/102","targetHints":{"allow":["GET"]}}],"collection":[{"href":"https:\/\/www.canine-deuxsevres.fr\/index.php?rest_route=\/wp\/v2\/pages"}],"about":[{"href":"https:\/\/www.canine-deuxsevres.fr\/index.php?rest_route=\/wp\/v2\/types\/page"}],"author":[{"embeddable":true,"href":"https:\/\/www.canine-deuxsevres.fr\/index.php?rest_route=\/wp\/v2\/users\/1"}],"replies":[{"embeddable":true,"href":"https:\/\/www.canine-deuxsevres.fr\/index.php?rest_route=%2Fwp%2Fv2%2Fcomments&post=102"}],"version-history":[{"count":13,"href":"https:\/\/www.canine-deuxsevres.fr\/index.php?rest_route=\/wp\/v2\/pages\/102\/revisions"}],"predecessor-version":[{"id":1065,"href":"https:\/\/www.canine-deuxsevres.fr\/index.php?rest_route=\/wp\/v2\/pages\/102\/revisions\/1065"}],"up":[{"embeddable":true,"href":"https:\/\/www.canine-deuxsevres.fr\/index.php?rest_route=\/wp\/v2\/pages\/30"}],"wp:attachment":[{"href":"https:\/\/www.canine-deuxsevres.fr\/index.php?rest_route=%2Fwp%2Fv2%2Fmedia&parent=102"}],"curies":[{"name":"wp","href":"https:\/\/api.w.org\/{rel}","templated":true}]}}